{"id":31,"date":"2023-08-28T08:26:55","date_gmt":"2023-08-28T08:26:55","guid":{"rendered":"https:\/\/smjholding.com\/index.php\/a-propos-de\/"},"modified":"2024-12-26T18:09:25","modified_gmt":"2024-12-26T18:09:25","slug":"a-propos-de","status":"publish","type":"page","link":"https:\/\/smjholding.com\/index.php\/a-propos-de\/","title":{"rendered":"Conditions de financements"},"content":{"rendered":"<div class=\"\" style=\"\" >\n    \n    <section class=\"u-align-center u-clearfix u-palette-5-light-3 u-section-2\" id=\"carousel_bf8d\">\n      <div class=\"u-clearfix u-sheet u-valign-middle-xs u-sheet-1\">\n        <img decoding=\"async\" class=\"u-border-3 u-border-custom-color-3 u-expanded-width u-image u-image-default u-image-1\" src=\"https:\/\/smjholding.com\/wp-content\/uploads\/2023\/09\/black-businessman-using-computer-laptop_53876-14801.webp\" alt=\"\" data-image-width=\"1060\" data-image-height=\"733\">\n        <h2 class=\"u-align-center u-custom-font u-font-montserrat u-text u-text-body-alt-color u-text-1\" data-animation-name=\"customAnimationIn\" data-animation-duration=\"1500\" data-animation-delay=\"0\">Proc\u00e9dures de Financements des projets<\/h2>\n        <p class=\"u-align-left u-text u-text-2\" data-animation-name=\"customAnimationIn\" data-animation-duration=\"1500\" data-animation-delay=\"250\">\n          <font _mstmutation=\"1\" _msttexthash=\"746473\" _msthash=\"2682\" _istranslated=\"1\" _mstvisible=\"16\"><\/font>\n          <font _mstmutation=\"1\" _msttexthash=\"143142519\" _msthash=\"6214\" _istranslated=\"1\" _mstvisible=\"16\">\n            <span class=\"u-text-custom-color-3\" _mstvisible=\"17\">\n              <a href=\"https:\/\/smjholding.com\/index.php\/accueil\/\" class=\"u-active-none u-border-none u-btn u-button-link u-button-style u-hover-none u-none u-text-custom-color-3 u-btn-1\" _mstvisible=\"18\">SMJ Holding<\/a>\n            <\/span> aide les entreprises \u00e0 prosp\u00e9rer tout en instaurant de nouvelles normes environnementales, sociales et de gouvernance propres \u00e0 attirer de nouvelles sources d\u2019investissement. SMJ Holding utilise pour ce faire divers instruments financiers, comprenant capitaux propres, quasi-fonds propres, pr\u00eats et garanties. Les investissements peuvent \u00eatre effectu\u00e9s en monnaie locale, ce qui \u00e9limine les risques li\u00e9s aux fluctuations des taux de change pour les entreprises clientes.\n          <\/font>\n        <\/p>\n        <div class=\"u-border-2 u-border-custom-color-3 u-container-style u-expanded-width-xs u-group u-shape-rectangle u-group-1\" _mstvisible=\"15\">\n          <div class=\"u-container-layout u-valign-bottom-xs u-container-layout-1\" _mstvisible=\"16\">\n            <h2 class=\"u-align-center u-custom-font u-font-montserrat u-text u-text-custom-color-3 u-text-3\" data-animation-name=\"customAnimationIn\" data-animation-duration=\"1500\" data-animation-delay=\"0\">\n              <font _mstmutation=\"1\" _msttexthash=\"1260922\" _msthash=\"7359\" _mstvisible=\"18\"> Conditions g\u00e9n\u00e9rales <\/font>&nbsp;\n            <\/h2>\n            <p class=\"u-align-justify-lg u-align-justify-md u-align-justify-sm u-align-justify-xl u-align-left-xs u-text u-text-4\" data-animation-name=\"customAnimationIn\" data-animation-duration=\"1500\" data-animation-delay=\"250\">\n              <font _mstmutation=\"1\" _msttexthash=\"746473\" _msthash=\"2682\" _mstvisible=\"18\" _istranslated=\"1\"><\/font>\n              <font _mstmutation=\"1\" _msttexthash=\"143142519\" _msthash=\"6214\" _mstvisible=\"18\" _istranslated=\"1\">\n                <font _mstmutation=\"1\" _msttexthash=\"179420709\" _msthash=\"7024\" _mstvisible=\"19\" _istranslated=\"1\">\n                  <font _mstmutation=\"1\" _msttexthash=\"134175600\" _msthash=\"708\">Toute demande doit \u00eatre accompagn\u00e9e d\u2019un plan d\u2019affaires comprenant : Une description du concept de l\u2019entreprise, une pr\u00e9sentation des produits, des clients, des concurrents, des fournisseurs et de l\u2019\u00e9quipe de direction, un plan d\u2019investissement et un plan financier pr\u00e9liminaire des pr\u00e9visions de rentabilit\u00e9 pour les soci\u00e9t\u00e9s existantes et&nbsp;<\/font>\n                  <span style=\"font-weight: 700;\" class=\"u-text-custom-color-3\" _mstvisible=\"20\" _msttexthash=\"1057732\" _msthash=\"705\" _istranslated=\"1\">l\u2019historique<\/span>\n                  <font _mstmutation=\"1\" _msttexthash=\"434733\" _msthash=\"709\"> financier portant sur <\/font>\n                  <span style=\"font-weight: 700;\" class=\"u-text-custom-color-3\" _mstvisible=\"20\" _msttexthash=\"313274\" _msthash=\"706\" _istranslated=\"1\">minimum trois ans.<\/span>\n                <\/font>\n              <\/font>\n            <\/p>\n            <p class=\"u-align-center u-text u-text-custom-color-3 u-text-5\" _msttexthash=\"7623603\" _msthash=\"1224\">\n              <a class=\"u-active-none u-border-2 u-border-active-palette-2-dark-1 u-border-custom-color-3 u-border-hover-palette-2-base u-border-no-left u-border-no-right u-border-no-top u-btn u-button-link u-button-style u-hover-none u-none u-text-custom-color-3 u-text-hover-palette-2-base u-btn-2\" href=\"https:\/\/smjholding.com\/index.php\/formulaire_projet\/\" _msttexthash=\"410423\" _msthash=\"1363\">\n                <font _mstmutation=\"1\" _msttexthash=\"1180270\" _msthash=\"1239\" _istranslated=\"1\"> Cliquez ici pour pr\u00e9senter votre projet <\/font>\n              <\/a>\n            <\/p><span class=\"u-file-icon u-icon u-text-custom-color-3 u-icon-1\" _mstvisible=\"17\"><img decoding=\"async\" src=\"data:image\/png;base64,iVBORw0KGgoAAAANSUhEUgAAAIAAAACACAYAAADDPmHLAAAAAXNSR0IArs4c6QAABlRJREFUeF7tnc9vVFUUx7\/nDZ22qUYxGk0xxopxUywjjQvSxIgZQENxYYIrgkvjP4A1JLoCChj3sFNX4MaNbjSuWJEQG5WVoLBiZXBpp513zasgPzqvc+\/MffPmtZ+37bn3nvm+7z3ne94979XENVgEXjv1TN3Zm6ak6eTGWksLHwzWgYdXszIX3xJrH7lUG7lxo2GpDsvZvEx7JK3h7qQfVpYWDpSJAwQoAP2xmXNTbVvdb5Y0JZfd4Cc6LQMBCgC\/lCn3fjE+9s\/yXKqkqdQ1ZZr18QMC+KA0pDZjr55+qZ2oabYW2rObPhbqKgQIRaxM+5lzE6Nqv6XE5p3c25Je6NcdCNAvggWPr+9enJbcvDNrmvSGpHrMJSFATDRjzPVwiTYvaTLGtHlzQIAi0fWZ+16J1s5yeXLYye2VlPgMjWEDAWKgGDjHxOtnn2utpgcsq8nl9kt6MnCKaOYQIBqUG0y0vkT7\/0HMIJbfaA0IUNAduF+irT2IyRT74wUt1de0EKAv+B4YPHNuYqy2ured6rCZvSvpxVhTFzkPBOgD3aJLtD5c8x4KAbyhkjT7+dP19sq+u6dohyTtCBk+jLYQYKO7UnKJNgjCQIBHUJ7YdfLZ1kjt4N0SrSlp+yBuRFlrQABJ2xqn5syS98zpoKTpsm5GGetCAEkjjcWfTNpXxg0oe00IAAHoCCICbPGWMAgAAdAAJYqR0ptCiQBEACIAEYAysCwOkALKQp4XQ\/5DHg2ABkAD5ESh+u7Fo5LzPvVspbqgXz+5ExLUSAEhaEW27fYoeLRx5rKTm\/Nd1pS8srx0\/Hdf+8wOAoSgFdkWAqABNjwLIAJE3nHDNh0RgAhABKAMzC8DSQHDErPNLrZW04\/y3KnX7KqkqVB3SQHVSQFfbfQtn3pj8bqknRAgFAEIgAaoiAYgAvSwub2GQABEYBXOAogAXtu5ByMiABGACJCzcbbGc4A9p2drbjCvgLWdHTcp+ypI6EUKCEVsGO3rjcUvJR3rwTcI0ANoQzcEAqy\/JaX3AwySJRAAApACHuEAEcAvBKEB\/HAabitSwABSwNq38retPlUGFWw1XW79cuK33GPb3quAv+R0M\/c3mXZJGg39zZvyOLjeWPxa0tFQMCLZ\/9FaWsg9lu0jAkRy7+FpIEB8WCFA2W3hRAB\/VhMB\/LHytSQCEAHQAL67JbOL\/hyAFOAPPynAHytfS1IAKYAU4LtbSAEhSBVgSwqIDyopgBRACgjZV8NQBVyR7FZnp91jkt4J+EEFRQB3S0qu5PvhMh8zX4MuUkD2oSSzYys\/f5ydH6y7RmfP7nTtNHvtyvcqiADiONj3DoQ+B4AAm6wtHAL4bhWJFEAK2HwvhxIBiABBDSFoADQAVUBO0Kjkq2GkAFIAKcCTA1QBVAFUAYhARCAiEBHIWUDHs5Aqfi2cKsBTAXr8x5AtUQbK7Eyi9MdOsLVlk+aUvdHrexVyGpip9Zq5s3lOpM4yHyd9nbxnRxUQilh3+0II0H3Z3iwgQG+4bTQKAtASRktYyL4ahpawEH+72RIBiABEgG675MG\/EwFC0IpsiwiMDKgkUgApgBQQsq9IASFoRbYlBUQGlBQwBP85NPQsIDIH0ABoADRAyKYqXwOYfeos\/b6T05ba85K+DfhBRUWA71ziPsvzw1LLfMx8DbrQALSE0RJGSxgtYbSE5SSOLdEQQgQgAhABiAA0hXbiACmAL4RcdnJzvrWlqYJPAtEAaAA0ABoADYAG6IAAXwk7gwbgM3GIQL4T6FkGUAUU1xPIhyI9SageGkKuOel2p\/kT2XhIHVxgR9BtJ13LPQ6Wslp93Beje3YcB4ci1t2+qH6A7iv3YAEBegCtyxAIQEsYLWEh+6r8lrAQb7vbEgGIAESA7vvkvgURIAStyLaIwMiAFlgGxveUbwQVgikaAA2ABgjZWmiAELQi26IBIgOKBqhgS1hkDqAB0ABogJBNhQYIQSuy7XBqgCOXavXrf57s+bc6Ny9puufx\/Q38W2bnc6dwOiS5Xf0tEXX0TZldzPfXHZW0w3dFk11wpjt59q2Xp07om\/fbD\/59fQSYPT9Sb99p+S6KXXUQaNW213X1wxUIUJ17FtVTCBAVzupNBgGqd8+iegwBosJZvckgQPXuWVSPIUBUOKs3WScC\/AuDTTMIZApVywAAAABJRU5ErkJggg==\" alt=\"\"><\/span>\n          <\/div>\n        <\/div>\n        <p class=\"u-align-center-xs u-text u-text-default u-text-6\" _msttexthash=\"958516\" _msthash=\"4939\">\n          <font _mstmutation=\"1\" _msttexthash=\"111488\" _msthidden=\"1\" _msthash=\"5051\" _istranslated=\"1\">SMJ HOLDING <\/font>\n          <font _mstmutation=\"1\" _msttexthash=\"496444\" _msthash=\"5050\" _istranslated=\"1\">\u00a9Tous droits r\u00e9serv\u00e9s.<\/font>\n        <\/p>\n      <\/div>\n    <\/section>\n    <section class=\"u-clearfix u-section-3\" id=\"sec-584f\">\n      <div class=\"u-clearfix u-sheet u-sheet-1\" _mstvisible=\"14\"><\/div>\n    <\/section>\n    \n    \n    \n  \n<\/div>","protected":false},"excerpt":{"rendered":"<p>Proc\u00e9dures de Financements des projets SMJ Holding aide les entreprises \u00e0 prosp\u00e9rer tout en instaurant de nouvelles normes environnementales, sociales et de gouvernance propres \u00e0 attirer de nouvelles sources d\u2019investissement. SMJ Holding utilise pour ce faire divers instruments financiers, comprenant capitaux propres, quasi-fonds propres, pr\u00eats et garanties. Les investissements peuvent \u00eatre effectu\u00e9s en monnaie locale, [&hellip;]<\/p>\n","protected":false},"author":1,"featured_media":0,"parent":0,"menu_order":1,"comment_status":"closed","ping_status":"closed","template":"","meta":{"footnotes":""},"class_list":["post-31","page","type-page","status-publish","hentry"],"_links":{"self":[{"href":"https:\/\/smjholding.com\/index.php\/wp-json\/wp\/v2\/pages\/31","targetHints":{"allow":["GET"]}}],"collection":[{"href":"https:\/\/smjholding.com\/index.php\/wp-json\/wp\/v2\/pages"}],"about":[{"href":"https:\/\/smjholding.com\/index.php\/wp-json\/wp\/v2\/types\/page"}],"author":[{"embeddable":true,"href":"https:\/\/smjholding.com\/index.php\/wp-json\/wp\/v2\/users\/1"}],"replies":[{"embeddable":true,"href":"https:\/\/smjholding.com\/index.php\/wp-json\/wp\/v2\/comments?post=31"}],"version-history":[{"count":15,"href":"https:\/\/smjholding.com\/index.php\/wp-json\/wp\/v2\/pages\/31\/revisions"}],"predecessor-version":[{"id":317,"href":"https:\/\/smjholding.com\/index.php\/wp-json\/wp\/v2\/pages\/31\/revisions\/317"}],"wp:attachment":[{"href":"https:\/\/smjholding.com\/index.php\/wp-json\/wp\/v2\/media?parent=31"}],"curies":[{"name":"wp","href":"https:\/\/api.w.org\/{rel}","templated":true}]}}